{"id":4738,"date":"2017-02-18T20:18:56","date_gmt":"2017-02-18T20:18:56","guid":{"rendered":"http:\/\/www.amaganda.es\/wp\/?page_id=2"},"modified":"2025-12-26T12:29:28","modified_gmt":"2025-12-26T11:29:28","slug":"pagina-ejemplo","status":"publish","type":"page","link":"https:\/\/www.amaganda.es\/wp\/","title":{"rendered":""},"content":{"rendered":"\n<figure class=\"wp-block-embed is-type-video is-provider-youtube wp-block-embed-youtube wp-embed-aspect-16-9 wp-has-aspect-ratio\"><div class=\"wp-block-embed__wrapper\">\n<iframe loading=\"lazy\" title=\"Christmas Amaganda 2025\" width=\"1260\" height=\"709\" src=\"https:\/\/www.youtube.com\/embed\/L9badc8MoVI?feature=oembed\" frameborder=\"0\" allow=\"accelerometer; autoplay; clipboard-write; encrypted-media; gyroscope; picture-in-picture; web-share\" referrerpolicy=\"strict-origin-when-cross-origin\" allowfullscreen><\/iframe>\n<\/div><\/figure>\n\n\n\n<h2 class=\"wp-block-heading\"><\/h2>\n\n\n<p><img loading=\"lazy\" decoding=\"async\" class=\" wp-image-173 aligncenter\" src=\"https:\/\/www.amaganda.es\/wp\/wp-content\/uploads\/2017\/02\/englishlearningcentre-300x29.png\" alt=\"\" width=\"435\" height=\"42\" \/><\/p>\n<p>Somos una empresa que naci\u00f3 en el a\u00f1o 2013 y que desde entonces nos hemos dedicado a la mejora de la competencia de la lengua inglesa de alumnos tanto de primaria, secundaria y bachillerato as\u00ed como a la preparaci\u00f3n de alumnos para la obtenci\u00f3n de t\u00edtulos oficiales de Cambridge.<\/p>\n<p>Somos centro preparador de Cambridge English desde el a\u00f1o 2015.<\/p>\n<p>\u00a1Ven a conocernos!<\/p>\n<hr \/>\n<div style=\"margin: 0 auto; width: 500px;\">\n<table>\n<tbody>\n<tr>\n<td style=\"text-align: center;\"><strong>IDIOM OF THE DAY:<\/strong><\/td>\n<td>\u00a0<\/td>\n<td style=\"text-align: center;\"><strong>\u00a0PHRASAL VERB OF THE DAY<\/strong><\/td>\n<\/tr>\n<tr>\n<td style=\"text-align: center;\">\u00a0<div class=\"wpra-display align\" data-display-id=\"1\" hx-target=\"this\" hx-swap=\"outerHTML\">    <div class=\"wp-rss-aggregator wpra-list-template \">\n        <ul class=\"rss-aggregator wpra-item-list wpra-item-list--bullets wpra-item-list--default\" start=\"1\">\n                <li class=\"wpra-item feed-item \">\n        <a href=\"https:\/\/www.englishclub.com\/ref\/idiom-of-the-day.php\" class=\"\" target=\"_blank\" rel=\"noopener noreferrer nofollow\" style=\"\">a question mark over someone | something<\/a>\n\n        <div class=\"wprss-feed-meta\">\n                <span class=\"feed-source\">\n        Source: <a href=\"https:\/\/www.englishclub.com\/ref\/idiom-of-the-day.xml\" class=\"\" target=\"_blank\" rel=\"noopener noreferrer nofollow\" style=\"\">Idiom of the Day<\/a>\n    <\/span>\n                <span class=\"feed-date\">\n        Published on: 2026-01-11\n    <\/span>\n            \n        <\/div>\n\n        \n    <\/li>\n        <\/ul>\n    <\/div> <\/div><\/td>\n<td>\u00a0<\/td>\n<td style=\"text-align: center;\">\u00a0\u00a0\u00a0<div class=\"wpra-display align\" data-display-id=\"1\" hx-target=\"this\" hx-swap=\"outerHTML\">    <div class=\"wp-rss-aggregator wpra-list-template \">\n        <ul class=\"rss-aggregator wpra-item-list wpra-item-list--bullets wpra-item-list--default\" start=\"1\">\n                <li class=\"wpra-item feed-item \">\n        <a href=\"https:\/\/www.englishclub.com\/ref\/phrasal-verb-of-the-day.php\" class=\"\" target=\"_blank\" rel=\"noopener noreferrer nofollow\" style=\"\">do with (2)<\/a>\n\n        <div class=\"wprss-feed-meta\">\n                <span class=\"feed-source\">\n        Source: <a href=\"https:\/\/www.englishclub.com\/ref\/phrasal-verb-of-the-day.xml\" class=\"\" target=\"_blank\" rel=\"noopener noreferrer nofollow\" style=\"\">Phrasal Verb of the day<\/a>\n    <\/span>\n                <span class=\"feed-date\">\n        Published on: 2026-01-11\n    <\/span>\n            \n        <\/div>\n\n        \n    <\/li>\n        <\/ul>\n    <\/div> <\/div><\/td>\n<\/tr>\n<tr>\n<td style=\"text-align: center;\" colspan=\"3\">From <a href=\"http:\/\/www.englishclub.com\" target=\"_blank\" rel=\"noopener noreferrer\">englishclub.com<\/a><\/td>\n<\/tr>\n<\/tbody>\n<\/table>\n<\/div>\n\n\n\n\n\n\n<p><\/p>\n","protected":false},"excerpt":{"rendered":"<p>Somos una empresa que naci\u00f3 en el a\u00f1o 2013 y que desde entonces nos hemos dedicado a la mejora de la competencia de la lengua inglesa de alumnos tanto de primaria, secundaria y bachillerato as\u00ed como a la preparaci\u00f3n de alumnos para la obtenci\u00f3n de t\u00edtulos oficiales de Cambridge. Somos centro preparador de Cambridge English desde el a\u00f1o 2015. \u00a1Ven a conocernos! IDIOM OF THE DAY: \u00a0 \u00a0PHRASAL VERB OF THE DAY \u00a0 \u00a0 \u00a0\u00a0\u00a0 From englishclub.com<a class=\"more-link\" href=\"https:\/\/www.amaganda.es\/wp\/\">Read More &rarr;<\/a><\/p>\n","protected":false},"author":1,"featured_media":0,"parent":0,"menu_order":0,"comment_status":"closed","ping_status":"open","template":"","meta":{"footnotes":""},"class_list":["entry","author-administrador","post-4738","page","type-page","status-publish"],"_links":{"self":[{"href":"https:\/\/www.amaganda.es\/wp\/wp-json\/wp\/v2\/pages\/4738","targetHints":{"allow":["GET"]}}],"collection":[{"href":"https:\/\/www.amaganda.es\/wp\/wp-json\/wp\/v2\/pages"}],"about":[{"href":"https:\/\/www.amaganda.es\/wp\/wp-json\/wp\/v2\/types\/page"}],"author":[{"embeddable":true,"href":"https:\/\/www.amaganda.es\/wp\/wp-json\/wp\/v2\/users\/1"}],"replies":[{"embeddable":true,"href":"https:\/\/www.amaganda.es\/wp\/wp-json\/wp\/v2\/comments?post=4738"}],"version-history":[{"count":16,"href":"https:\/\/www.amaganda.es\/wp\/wp-json\/wp\/v2\/pages\/4738\/revisions"}],"predecessor-version":[{"id":6284,"href":"https:\/\/www.amaganda.es\/wp\/wp-json\/wp\/v2\/pages\/4738\/revisions\/6284"}],"wp:attachment":[{"href":"https:\/\/www.amaganda.es\/wp\/wp-json\/wp\/v2\/media?parent=4738"}],"curies":[{"name":"wp","href":"https:\/\/api.w.org\/{rel}","templated":true}]}}